{"id":113,"date":"2016-02-16T14:40:03","date_gmt":"2016-02-16T14:40:03","guid":{"rendered":"http:\/\/demo.athemes.com\/astrid\/?page_id=86"},"modified":"2019-12-10T16:11:24","modified_gmt":"2019-12-10T16:11:24","slug":"ordnungswidrigkeitenrecht","status":"publish","type":"page","link":"https:\/\/www.kirtsidis.de\/index.php\/ordnungswidrigkeitenrecht\/","title":{"rendered":"Ordnungswidrigkeitenrecht"},"content":{"rendered":"<p>Ordnungswidrigkeiten sind leichtere Gesetzesverst\u00f6\u00dfe ohne kriminellen Inhalt, die mit einer Geldbu\u00dfe geahndet werden und teilweise zus\u00e4tzlich mit Fahrverboten.<\/p>\n<p>Hierbei kann es sich beispielsweise um Verkehrsverst\u00f6\u00dfe, Verst\u00f6\u00dfe gegen Verwaltungsanordnungen von Beh\u00f6rden handeln.<\/p>\n<p>Insbesondere Verst\u00f6\u00dfe gegen das Verkehrsrecht k\u00f6nnen gleicherma\u00dfen eine Ordnungswidrigkeit wie auch eine Straftat darstellen. Erfasst sind hierbei s\u00e4mtliche Streitigkeiten rund um den Individualverkehr, also sowohl das Verhalten im Verkehr selbst als auch bei Unfallfolgen sowie Erlangen von Erlaubnissen (F\u00fchrerschein).<\/p>\n<p>Ich berate und verteidige Sie vor allem in folgenden Streitigkeiten:<\/p>\n<ul>\n<li>Geschwindigkeits\u00fcberschreitungen<\/li>\n<li>Abstandsmessungen<\/li>\n<li>Entziehung der Fahrerlaubnis<\/li>\n<\/ul>\n","protected":false},"excerpt":{"rendered":"<p>Ordnungswidrigkeiten sind leichtere Gesetzesverst\u00f6\u00dfe ohne kriminellen Inhalt, die mit einer Geldbu\u00dfe geahndet werden und teilweise zus\u00e4tzlich mit Fahrverboten. Hierbei kann es sich beispielsweise um Verkehrsverst\u00f6\u00dfe, Verst\u00f6\u00dfe gegen Verwaltungsanordnungen von Beh\u00f6rden handeln. Insbesondere Verst\u00f6\u00dfe gegen das Verkehrsrecht k\u00f6nnen gleicherma\u00dfen eine Ordnungswidrigkeit [&hellip;]<\/p>\n","protected":false},"author":1,"featured_media":0,"parent":0,"menu_order":0,"comment_status":"closed","ping_status":"closed","template":"page-templates\/single-service.php","meta":[],"yoast_head":"<!-- This site is optimized with the Yoast SEO plugin v20.1 - https:\/\/yoast.com\/wordpress\/plugins\/seo\/ -->\n<title>Ordnungswidrigkeitenrecht - Lazaros Kirtsidis<\/title>\n<meta name=\"robots\" content=\"index, follow, max-snippet:-1, max-image-preview:large, max-video-preview:-1\" \/>\n<link rel=\"canonical\" href=\"https:\/\/www.kirtsidis.de\/index.php\/ordnungswidrigkeitenrecht\/\" \/>\n<meta property=\"og:locale\" content=\"de_DE\" \/>\n<meta property=\"og:type\" content=\"article\" \/>\n<meta property=\"og:title\" content=\"Ordnungswidrigkeitenrecht - Lazaros Kirtsidis\" \/>\n<meta property=\"og:description\" content=\"Ordnungswidrigkeiten sind leichtere Gesetzesverst\u00f6\u00dfe ohne kriminellen Inhalt, die mit einer Geldbu\u00dfe geahndet werden und teilweise zus\u00e4tzlich mit Fahrverboten. Hierbei kann es sich beispielsweise um Verkehrsverst\u00f6\u00dfe, Verst\u00f6\u00dfe gegen Verwaltungsanordnungen von Beh\u00f6rden handeln. Insbesondere Verst\u00f6\u00dfe gegen das Verkehrsrecht k\u00f6nnen gleicherma\u00dfen eine Ordnungswidrigkeit [&hellip;]\" \/>\n<meta property=\"og:url\" content=\"https:\/\/www.kirtsidis.de\/index.php\/ordnungswidrigkeitenrecht\/\" \/>\n<meta property=\"og:site_name\" content=\"Lazaros Kirtsidis\" \/>\n<meta property=\"article:modified_time\" content=\"2019-12-10T16:11:24+00:00\" \/>\n<meta name=\"twitter:card\" content=\"summary_large_image\" \/>\n<script type=\"application\/ld+json\" class=\"yoast-schema-graph\">{\"@context\":\"https:\/\/schema.org\",\"@graph\":[{\"@type\":\"WebPage\",\"@id\":\"https:\/\/www.kirtsidis.de\/index.php\/ordnungswidrigkeitenrecht\/\",\"url\":\"https:\/\/www.kirtsidis.de\/index.php\/ordnungswidrigkeitenrecht\/\",\"name\":\"Ordnungswidrigkeitenrecht - Lazaros Kirtsidis\",\"isPartOf\":{\"@id\":\"https:\/\/www.kirtsidis.de\/#website\"},\"datePublished\":\"2016-02-16T14:40:03+00:00\",\"dateModified\":\"2019-12-10T16:11:24+00:00\",\"breadcrumb\":{\"@id\":\"https:\/\/www.kirtsidis.de\/index.php\/ordnungswidrigkeitenrecht\/#breadcrumb\"},\"inLanguage\":\"de-DE\",\"potentialAction\":[{\"@type\":\"ReadAction\",\"target\":[\"https:\/\/www.kirtsidis.de\/index.php\/ordnungswidrigkeitenrecht\/\"]}]},{\"@type\":\"BreadcrumbList\",\"@id\":\"https:\/\/www.kirtsidis.de\/index.php\/ordnungswidrigkeitenrecht\/#breadcrumb\",\"itemListElement\":[{\"@type\":\"ListItem\",\"position\":1,\"name\":\"Startseite\",\"item\":\"https:\/\/www.kirtsidis.de\/\"},{\"@type\":\"ListItem\",\"position\":2,\"name\":\"Ordnungswidrigkeitenrecht\"}]},{\"@type\":\"WebSite\",\"@id\":\"https:\/\/www.kirtsidis.de\/#website\",\"url\":\"https:\/\/www.kirtsidis.de\/\",\"name\":\"Lazaros Kirtsidis\",\"description\":\"Rechtsanwalt\",\"potentialAction\":[{\"@type\":\"SearchAction\",\"target\":{\"@type\":\"EntryPoint\",\"urlTemplate\":\"https:\/\/www.kirtsidis.de\/?s={search_term_string}\"},\"query-input\":\"required name=search_term_string\"}],\"inLanguage\":\"de-DE\"}]}<\/script>\n<!-- \/ Yoast SEO plugin. -->","yoast_head_json":{"title":"Ordnungswidrigkeitenrecht - Lazaros Kirtsidis","robots":{"index":"index","follow":"follow","max-snippet":"max-snippet:-1","max-image-preview":"max-image-preview:large","max-video-preview":"max-video-preview:-1"},"canonical":"https:\/\/www.kirtsidis.de\/index.php\/ordnungswidrigkeitenrecht\/","og_locale":"de_DE","og_type":"article","og_title":"Ordnungswidrigkeitenrecht - Lazaros Kirtsidis","og_description":"Ordnungswidrigkeiten sind leichtere Gesetzesverst\u00f6\u00dfe ohne kriminellen Inhalt, die mit einer Geldbu\u00dfe geahndet werden und teilweise zus\u00e4tzlich mit Fahrverboten. Hierbei kann es sich beispielsweise um Verkehrsverst\u00f6\u00dfe, Verst\u00f6\u00dfe gegen Verwaltungsanordnungen von Beh\u00f6rden handeln. Insbesondere Verst\u00f6\u00dfe gegen das Verkehrsrecht k\u00f6nnen gleicherma\u00dfen eine Ordnungswidrigkeit [&hellip;]","og_url":"https:\/\/www.kirtsidis.de\/index.php\/ordnungswidrigkeitenrecht\/","og_site_name":"Lazaros Kirtsidis","article_modified_time":"2019-12-10T16:11:24+00:00","twitter_card":"summary_large_image","schema":{"@context":"https:\/\/schema.org","@graph":[{"@type":"WebPage","@id":"https:\/\/www.kirtsidis.de\/index.php\/ordnungswidrigkeitenrecht\/","url":"https:\/\/www.kirtsidis.de\/index.php\/ordnungswidrigkeitenrecht\/","name":"Ordnungswidrigkeitenrecht - Lazaros Kirtsidis","isPartOf":{"@id":"https:\/\/www.kirtsidis.de\/#website"},"datePublished":"2016-02-16T14:40:03+00:00","dateModified":"2019-12-10T16:11:24+00:00","breadcrumb":{"@id":"https:\/\/www.kirtsidis.de\/index.php\/ordnungswidrigkeitenrecht\/#breadcrumb"},"inLanguage":"de-DE","potentialAction":[{"@type":"ReadAction","target":["https:\/\/www.kirtsidis.de\/index.php\/ordnungswidrigkeitenrecht\/"]}]},{"@type":"BreadcrumbList","@id":"https:\/\/www.kirtsidis.de\/index.php\/ordnungswidrigkeitenrecht\/#breadcrumb","itemListElement":[{"@type":"ListItem","position":1,"name":"Startseite","item":"https:\/\/www.kirtsidis.de\/"},{"@type":"ListItem","position":2,"name":"Ordnungswidrigkeitenrecht"}]},{"@type":"WebSite","@id":"https:\/\/www.kirtsidis.de\/#website","url":"https:\/\/www.kirtsidis.de\/","name":"Lazaros Kirtsidis","description":"Rechtsanwalt","potentialAction":[{"@type":"SearchAction","target":{"@type":"EntryPoint","urlTemplate":"https:\/\/www.kirtsidis.de\/?s={search_term_string}"},"query-input":"required name=search_term_string"}],"inLanguage":"de-DE"}]}},"_links":{"self":[{"href":"https:\/\/www.kirtsidis.de\/index.php\/wp-json\/wp\/v2\/pages\/113"}],"collection":[{"href":"https:\/\/www.kirtsidis.de\/index.php\/wp-json\/wp\/v2\/pages"}],"about":[{"href":"https:\/\/www.kirtsidis.de\/index.php\/wp-json\/wp\/v2\/types\/page"}],"author":[{"embeddable":true,"href":"https:\/\/www.kirtsidis.de\/index.php\/wp-json\/wp\/v2\/users\/1"}],"replies":[{"embeddable":true,"href":"https:\/\/www.kirtsidis.de\/index.php\/wp-json\/wp\/v2\/comments?post=113"}],"version-history":[{"count":6,"href":"https:\/\/www.kirtsidis.de\/index.php\/wp-json\/wp\/v2\/pages\/113\/revisions"}],"predecessor-version":[{"id":524,"href":"https:\/\/www.kirtsidis.de\/index.php\/wp-json\/wp\/v2\/pages\/113\/revisions\/524"}],"wp:attachment":[{"href":"https:\/\/www.kirtsidis.de\/index.php\/wp-json\/wp\/v2\/media?parent=113"}],"curies":[{"name":"wp","href":"https:\/\/api.w.org\/{rel}","templated":true}]}}