{"id":115,"date":"2016-02-16T14:40:18","date_gmt":"2016-02-16T14:40:18","guid":{"rendered":"http:\/\/demo.athemes.com\/astrid\/?page_id=88"},"modified":"2019-12-10T16:23:59","modified_gmt":"2019-12-10T16:23:59","slug":"erbrecht","status":"publish","type":"page","link":"https:\/\/www.kirtsidis.de\/index.php\/erbrecht\/","title":{"rendered":"Erbrecht"},"content":{"rendered":"<p>Das Erbrecht regelt was mit dem Eigentum oder anderen ver\u00e4u\u00dferbaren Rechten f\u00fcr den Erbfall gilt. Um aufw\u00e4ndige Streitigkeiten zwischen den Erben zu verhindern, ist es wichtig im Vorhinein ein Testament oder Erbvertrag abzuschlie\u00dfen.<\/p>\n<p>Ebenso wichtig ist es daf\u00fcr zu sorgen, dass die letztwilligen Verf\u00fcgungen des Erblassers vollzogen werden, um die Absicherung des \u201eLetzten Willens\u201c gew\u00e4hrleisten zu k\u00f6nnen.<\/p>\n<p>Daher stehe ich gerne f\u00fcr Sie zur Verf\u00fcgung, um:<\/p>\n<ul>\n<li>Testamente oder Erbvertr\u00e4ge zu gestalten und individuell zu beraten<\/li>\n<li>oder bei Angelegenheiten rund um die Vollstreckung eines Testaments, als Testamentsvollstrecker<\/li>\n<li>Gestaltung von Ehevertr\u00e4gen<\/li>\n<li>Vorsorgevollmachten<\/li>\n<li>Patientenverf\u00fcgungen<\/li>\n<\/ul>\n","protected":false},"excerpt":{"rendered":"<p>Das Erbrecht regelt was mit dem Eigentum oder anderen ver\u00e4u\u00dferbaren Rechten f\u00fcr den Erbfall gilt. Um aufw\u00e4ndige Streitigkeiten zwischen den Erben zu verhindern, ist es wichtig im Vorhinein ein Testament oder Erbvertrag abzuschlie\u00dfen. Ebenso wichtig ist es daf\u00fcr zu sorgen, [&hellip;]<\/p>\n","protected":false},"author":1,"featured_media":0,"parent":0,"menu_order":0,"comment_status":"closed","ping_status":"closed","template":"page-templates\/single-service.php","meta":[],"yoast_head":"<!-- This site is optimized with the Yoast SEO plugin v20.1 - https:\/\/yoast.com\/wordpress\/plugins\/seo\/ -->\n<title>Erbrecht - Lazaros Kirtsidis<\/title>\n<meta name=\"robots\" content=\"index, follow, max-snippet:-1, max-image-preview:large, max-video-preview:-1\" \/>\n<link rel=\"canonical\" href=\"https:\/\/www.kirtsidis.de\/index.php\/erbrecht\/\" \/>\n<meta property=\"og:locale\" content=\"de_DE\" \/>\n<meta property=\"og:type\" content=\"article\" \/>\n<meta property=\"og:title\" content=\"Erbrecht - Lazaros Kirtsidis\" \/>\n<meta property=\"og:description\" content=\"Das Erbrecht regelt was mit dem Eigentum oder anderen ver\u00e4u\u00dferbaren Rechten f\u00fcr den Erbfall gilt. Um aufw\u00e4ndige Streitigkeiten zwischen den Erben zu verhindern, ist es wichtig im Vorhinein ein Testament oder Erbvertrag abzuschlie\u00dfen. Ebenso wichtig ist es daf\u00fcr zu sorgen, [&hellip;]\" \/>\n<meta property=\"og:url\" content=\"https:\/\/www.kirtsidis.de\/index.php\/erbrecht\/\" \/>\n<meta property=\"og:site_name\" content=\"Lazaros Kirtsidis\" \/>\n<meta property=\"article:modified_time\" content=\"2019-12-10T16:23:59+00:00\" \/>\n<meta name=\"twitter:card\" content=\"summary_large_image\" \/>\n<meta name=\"twitter:label1\" content=\"Gesch\u00e4tzte Lesezeit\" \/>\n\t<meta name=\"twitter:data1\" content=\"1 Minute\" \/>\n<script type=\"application\/ld+json\" class=\"yoast-schema-graph\">{\"@context\":\"https:\/\/schema.org\",\"@graph\":[{\"@type\":\"WebPage\",\"@id\":\"https:\/\/www.kirtsidis.de\/index.php\/erbrecht\/\",\"url\":\"https:\/\/www.kirtsidis.de\/index.php\/erbrecht\/\",\"name\":\"Erbrecht - Lazaros Kirtsidis\",\"isPartOf\":{\"@id\":\"https:\/\/www.kirtsidis.de\/#website\"},\"datePublished\":\"2016-02-16T14:40:18+00:00\",\"dateModified\":\"2019-12-10T16:23:59+00:00\",\"breadcrumb\":{\"@id\":\"https:\/\/www.kirtsidis.de\/index.php\/erbrecht\/#breadcrumb\"},\"inLanguage\":\"de-DE\",\"potentialAction\":[{\"@type\":\"ReadAction\",\"target\":[\"https:\/\/www.kirtsidis.de\/index.php\/erbrecht\/\"]}]},{\"@type\":\"BreadcrumbList\",\"@id\":\"https:\/\/www.kirtsidis.de\/index.php\/erbrecht\/#breadcrumb\",\"itemListElement\":[{\"@type\":\"ListItem\",\"position\":1,\"name\":\"Startseite\",\"item\":\"https:\/\/www.kirtsidis.de\/\"},{\"@type\":\"ListItem\",\"position\":2,\"name\":\"Erbrecht\"}]},{\"@type\":\"WebSite\",\"@id\":\"https:\/\/www.kirtsidis.de\/#website\",\"url\":\"https:\/\/www.kirtsidis.de\/\",\"name\":\"Lazaros Kirtsidis\",\"description\":\"Rechtsanwalt\",\"potentialAction\":[{\"@type\":\"SearchAction\",\"target\":{\"@type\":\"EntryPoint\",\"urlTemplate\":\"https:\/\/www.kirtsidis.de\/?s={search_term_string}\"},\"query-input\":\"required name=search_term_string\"}],\"inLanguage\":\"de-DE\"}]}<\/script>\n<!-- \/ Yoast SEO plugin. -->","yoast_head_json":{"title":"Erbrecht - Lazaros Kirtsidis","robots":{"index":"index","follow":"follow","max-snippet":"max-snippet:-1","max-image-preview":"max-image-preview:large","max-video-preview":"max-video-preview:-1"},"canonical":"https:\/\/www.kirtsidis.de\/index.php\/erbrecht\/","og_locale":"de_DE","og_type":"article","og_title":"Erbrecht - Lazaros Kirtsidis","og_description":"Das Erbrecht regelt was mit dem Eigentum oder anderen ver\u00e4u\u00dferbaren Rechten f\u00fcr den Erbfall gilt. Um aufw\u00e4ndige Streitigkeiten zwischen den Erben zu verhindern, ist es wichtig im Vorhinein ein Testament oder Erbvertrag abzuschlie\u00dfen. Ebenso wichtig ist es daf\u00fcr zu sorgen, [&hellip;]","og_url":"https:\/\/www.kirtsidis.de\/index.php\/erbrecht\/","og_site_name":"Lazaros Kirtsidis","article_modified_time":"2019-12-10T16:23:59+00:00","twitter_card":"summary_large_image","twitter_misc":{"Gesch\u00e4tzte Lesezeit":"1 Minute"},"schema":{"@context":"https:\/\/schema.org","@graph":[{"@type":"WebPage","@id":"https:\/\/www.kirtsidis.de\/index.php\/erbrecht\/","url":"https:\/\/www.kirtsidis.de\/index.php\/erbrecht\/","name":"Erbrecht - Lazaros Kirtsidis","isPartOf":{"@id":"https:\/\/www.kirtsidis.de\/#website"},"datePublished":"2016-02-16T14:40:18+00:00","dateModified":"2019-12-10T16:23:59+00:00","breadcrumb":{"@id":"https:\/\/www.kirtsidis.de\/index.php\/erbrecht\/#breadcrumb"},"inLanguage":"de-DE","potentialAction":[{"@type":"ReadAction","target":["https:\/\/www.kirtsidis.de\/index.php\/erbrecht\/"]}]},{"@type":"BreadcrumbList","@id":"https:\/\/www.kirtsidis.de\/index.php\/erbrecht\/#breadcrumb","itemListElement":[{"@type":"ListItem","position":1,"name":"Startseite","item":"https:\/\/www.kirtsidis.de\/"},{"@type":"ListItem","position":2,"name":"Erbrecht"}]},{"@type":"WebSite","@id":"https:\/\/www.kirtsidis.de\/#website","url":"https:\/\/www.kirtsidis.de\/","name":"Lazaros Kirtsidis","description":"Rechtsanwalt","potentialAction":[{"@type":"SearchAction","target":{"@type":"EntryPoint","urlTemplate":"https:\/\/www.kirtsidis.de\/?s={search_term_string}"},"query-input":"required name=search_term_string"}],"inLanguage":"de-DE"}]}},"_links":{"self":[{"href":"https:\/\/www.kirtsidis.de\/index.php\/wp-json\/wp\/v2\/pages\/115"}],"collection":[{"href":"https:\/\/www.kirtsidis.de\/index.php\/wp-json\/wp\/v2\/pages"}],"about":[{"href":"https:\/\/www.kirtsidis.de\/index.php\/wp-json\/wp\/v2\/types\/page"}],"author":[{"embeddable":true,"href":"https:\/\/www.kirtsidis.de\/index.php\/wp-json\/wp\/v2\/users\/1"}],"replies":[{"embeddable":true,"href":"https:\/\/www.kirtsidis.de\/index.php\/wp-json\/wp\/v2\/comments?post=115"}],"version-history":[{"count":4,"href":"https:\/\/www.kirtsidis.de\/index.php\/wp-json\/wp\/v2\/pages\/115\/revisions"}],"predecessor-version":[{"id":460,"href":"https:\/\/www.kirtsidis.de\/index.php\/wp-json\/wp\/v2\/pages\/115\/revisions\/460"}],"wp:attachment":[{"href":"https:\/\/www.kirtsidis.de\/index.php\/wp-json\/wp\/v2\/media?parent=115"}],"curies":[{"name":"wp","href":"https:\/\/api.w.org\/{rel}","templated":true}]}}