{"id":226,"date":"2016-02-16T16:03:19","date_gmt":"2016-02-16T16:03:19","guid":{"rendered":"http:\/\/demo.athemes.com\/astrid\/?page_id=226"},"modified":"2019-12-10T16:24:12","modified_gmt":"2019-12-10T16:24:12","slug":"strafrecht","status":"publish","type":"page","link":"https:\/\/www.kirtsidis.de\/index.php\/strafrecht\/","title":{"rendered":"Strafrecht"},"content":{"rendered":"<div class=\"text\">\n<p>Das deutsche Strafgesetzbuch (StGB) regelt die Sanktionen von Straftaten. Die anwaltliche Verteidigung beginnt dabei bereits vor der Einleitung polizeilicher Ermittlung bis hin zur Wahrnehmung der Interessen des Mandanten im Zwischen- sowie Hauptverfahren. Die Unterst\u00fctzung wird weiterhin beim staatsanwaltlichen Vollstreckungsverfahren gew\u00e4hrleistet. Dar\u00fcber hinaus berate ich auf dem Gebiet der Compliance.<\/p>\n<p>Ich berate und verteidige Sie dabei vor allem in folgenden Streitigkeiten:<\/p>\n<ul>\n<li>Strafrechts- und Strafvollstreckungsverfahren in jedem Verfahrensabschnitt.<\/li>\n<li>Wahrnehmung von Interessen der Verletzten\/Opfer als Nebenkl\u00e4ger<\/li>\n<li>Im internationalen Strafrecht, beispielsweise bei Erlass eines internationalen Haftbefehls<\/li>\n<\/ul>\n<\/div>\n","protected":false},"excerpt":{"rendered":"<p>Das deutsche Strafgesetzbuch (StGB) regelt die Sanktionen von Straftaten. Die anwaltliche Verteidigung beginnt dabei bereits vor der Einleitung polizeilicher Ermittlung bis hin zur Wahrnehmung der Interessen des Mandanten im Zwischen- sowie Hauptverfahren. Die Unterst\u00fctzung wird weiterhin beim staatsanwaltlichen Vollstreckungsverfahren gew\u00e4hrleistet. [&hellip;]<\/p>\n","protected":false},"author":1,"featured_media":0,"parent":0,"menu_order":-1,"comment_status":"closed","ping_status":"closed","template":"page-templates\/single-service.php","meta":[],"yoast_head":"<!-- This site is optimized with the Yoast SEO plugin v20.1 - https:\/\/yoast.com\/wordpress\/plugins\/seo\/ -->\n<title>Strafrecht - Lazaros Kirtsidis<\/title>\n<meta name=\"robots\" content=\"index, follow, max-snippet:-1, max-image-preview:large, max-video-preview:-1\" \/>\n<link rel=\"canonical\" href=\"https:\/\/www.kirtsidis.de\/index.php\/strafrecht\/\" \/>\n<meta property=\"og:locale\" content=\"de_DE\" \/>\n<meta property=\"og:type\" content=\"article\" \/>\n<meta property=\"og:title\" content=\"Strafrecht - Lazaros Kirtsidis\" \/>\n<meta property=\"og:description\" content=\"Das deutsche Strafgesetzbuch (StGB) regelt die Sanktionen von Straftaten. Die anwaltliche Verteidigung beginnt dabei bereits vor der Einleitung polizeilicher Ermittlung bis hin zur Wahrnehmung der Interessen des Mandanten im Zwischen- sowie Hauptverfahren. Die Unterst\u00fctzung wird weiterhin beim staatsanwaltlichen Vollstreckungsverfahren gew\u00e4hrleistet. [&hellip;]\" \/>\n<meta property=\"og:url\" content=\"https:\/\/www.kirtsidis.de\/index.php\/strafrecht\/\" \/>\n<meta property=\"og:site_name\" content=\"Lazaros Kirtsidis\" \/>\n<meta property=\"article:modified_time\" content=\"2019-12-10T16:24:12+00:00\" \/>\n<meta name=\"twitter:card\" content=\"summary_large_image\" \/>\n<script type=\"application\/ld+json\" class=\"yoast-schema-graph\">{\"@context\":\"https:\/\/schema.org\",\"@graph\":[{\"@type\":\"WebPage\",\"@id\":\"https:\/\/www.kirtsidis.de\/index.php\/strafrecht\/\",\"url\":\"https:\/\/www.kirtsidis.de\/index.php\/strafrecht\/\",\"name\":\"Strafrecht - Lazaros Kirtsidis\",\"isPartOf\":{\"@id\":\"https:\/\/www.kirtsidis.de\/#website\"},\"datePublished\":\"2016-02-16T16:03:19+00:00\",\"dateModified\":\"2019-12-10T16:24:12+00:00\",\"breadcrumb\":{\"@id\":\"https:\/\/www.kirtsidis.de\/index.php\/strafrecht\/#breadcrumb\"},\"inLanguage\":\"de-DE\",\"potentialAction\":[{\"@type\":\"ReadAction\",\"target\":[\"https:\/\/www.kirtsidis.de\/index.php\/strafrecht\/\"]}]},{\"@type\":\"BreadcrumbList\",\"@id\":\"https:\/\/www.kirtsidis.de\/index.php\/strafrecht\/#breadcrumb\",\"itemListElement\":[{\"@type\":\"ListItem\",\"position\":1,\"name\":\"Startseite\",\"item\":\"https:\/\/www.kirtsidis.de\/\"},{\"@type\":\"ListItem\",\"position\":2,\"name\":\"Strafrecht\"}]},{\"@type\":\"WebSite\",\"@id\":\"https:\/\/www.kirtsidis.de\/#website\",\"url\":\"https:\/\/www.kirtsidis.de\/\",\"name\":\"Lazaros Kirtsidis\",\"description\":\"Rechtsanwalt\",\"potentialAction\":[{\"@type\":\"SearchAction\",\"target\":{\"@type\":\"EntryPoint\",\"urlTemplate\":\"https:\/\/www.kirtsidis.de\/?s={search_term_string}\"},\"query-input\":\"required name=search_term_string\"}],\"inLanguage\":\"de-DE\"}]}<\/script>\n<!-- \/ Yoast SEO plugin. -->","yoast_head_json":{"title":"Strafrecht - Lazaros Kirtsidis","robots":{"index":"index","follow":"follow","max-snippet":"max-snippet:-1","max-image-preview":"max-image-preview:large","max-video-preview":"max-video-preview:-1"},"canonical":"https:\/\/www.kirtsidis.de\/index.php\/strafrecht\/","og_locale":"de_DE","og_type":"article","og_title":"Strafrecht - Lazaros Kirtsidis","og_description":"Das deutsche Strafgesetzbuch (StGB) regelt die Sanktionen von Straftaten. Die anwaltliche Verteidigung beginnt dabei bereits vor der Einleitung polizeilicher Ermittlung bis hin zur Wahrnehmung der Interessen des Mandanten im Zwischen- sowie Hauptverfahren. Die Unterst\u00fctzung wird weiterhin beim staatsanwaltlichen Vollstreckungsverfahren gew\u00e4hrleistet. [&hellip;]","og_url":"https:\/\/www.kirtsidis.de\/index.php\/strafrecht\/","og_site_name":"Lazaros Kirtsidis","article_modified_time":"2019-12-10T16:24:12+00:00","twitter_card":"summary_large_image","schema":{"@context":"https:\/\/schema.org","@graph":[{"@type":"WebPage","@id":"https:\/\/www.kirtsidis.de\/index.php\/strafrecht\/","url":"https:\/\/www.kirtsidis.de\/index.php\/strafrecht\/","name":"Strafrecht - Lazaros Kirtsidis","isPartOf":{"@id":"https:\/\/www.kirtsidis.de\/#website"},"datePublished":"2016-02-16T16:03:19+00:00","dateModified":"2019-12-10T16:24:12+00:00","breadcrumb":{"@id":"https:\/\/www.kirtsidis.de\/index.php\/strafrecht\/#breadcrumb"},"inLanguage":"de-DE","potentialAction":[{"@type":"ReadAction","target":["https:\/\/www.kirtsidis.de\/index.php\/strafrecht\/"]}]},{"@type":"BreadcrumbList","@id":"https:\/\/www.kirtsidis.de\/index.php\/strafrecht\/#breadcrumb","itemListElement":[{"@type":"ListItem","position":1,"name":"Startseite","item":"https:\/\/www.kirtsidis.de\/"},{"@type":"ListItem","position":2,"name":"Strafrecht"}]},{"@type":"WebSite","@id":"https:\/\/www.kirtsidis.de\/#website","url":"https:\/\/www.kirtsidis.de\/","name":"Lazaros Kirtsidis","description":"Rechtsanwalt","potentialAction":[{"@type":"SearchAction","target":{"@type":"EntryPoint","urlTemplate":"https:\/\/www.kirtsidis.de\/?s={search_term_string}"},"query-input":"required name=search_term_string"}],"inLanguage":"de-DE"}]}},"_links":{"self":[{"href":"https:\/\/www.kirtsidis.de\/index.php\/wp-json\/wp\/v2\/pages\/226"}],"collection":[{"href":"https:\/\/www.kirtsidis.de\/index.php\/wp-json\/wp\/v2\/pages"}],"about":[{"href":"https:\/\/www.kirtsidis.de\/index.php\/wp-json\/wp\/v2\/types\/page"}],"author":[{"embeddable":true,"href":"https:\/\/www.kirtsidis.de\/index.php\/wp-json\/wp\/v2\/users\/1"}],"replies":[{"embeddable":true,"href":"https:\/\/www.kirtsidis.de\/index.php\/wp-json\/wp\/v2\/comments?post=226"}],"version-history":[{"count":12,"href":"https:\/\/www.kirtsidis.de\/index.php\/wp-json\/wp\/v2\/pages\/226\/revisions"}],"predecessor-version":[{"id":444,"href":"https:\/\/www.kirtsidis.de\/index.php\/wp-json\/wp\/v2\/pages\/226\/revisions\/444"}],"wp:attachment":[{"href":"https:\/\/www.kirtsidis.de\/index.php\/wp-json\/wp\/v2\/media?parent=226"}],"curies":[{"name":"wp","href":"https:\/\/api.w.org\/{rel}","templated":true}]}}