{"id":495,"date":"2019-12-03T15:36:40","date_gmt":"2019-12-03T15:36:40","guid":{"rendered":"https:\/\/www.kirtsidis.de\/?page_id=495"},"modified":"2019-12-04T08:48:20","modified_gmt":"2019-12-04T08:48:20","slug":"impressum","status":"publish","type":"page","link":"https:\/\/www.kirtsidis.de\/index.php\/impressum\/","title":{"rendered":"Impressum"},"content":{"rendered":"<p>ANGABEN NACH \u00a7 6 TELEMEDIENGESETZ und DL-InfoV<\/p>\n<ol>\n<li><strong> Pflichtangaben nach Telemediengesetz <\/strong><\/li>\n<\/ol>\n<p><u>Anbieter<\/u><\/p>\n<p>Rechtsanwalt Lazaros Kirtsidis, LL.M. (Maastricht)<\/p>\n<p>USt-IdNr.: DE 814704049<\/p>\n<p><u>Anschrift und Kontaktdaten: <\/u><\/p>\n<p>Eisenbahnstrasse 64<\/p>\n<p>79098 Freiburg<\/p>\n<p>Telefon:+49 (0) 761 \/ 29 28 07 01<\/p>\n<p>Telefax:+49 (0) 761 \/ 29 28 07 02<\/p>\n<p>Email: lazaros@kirtsidis.de<\/p>\n<p><u>Inhaltlich Verantwortlicher:<\/u><\/p>\n<p>Rechtsanwalt Lazaros Kirtsidis, LL.M. (Maastricht)<\/p>\n<p><u>Gesetzliche Berufsbezeichnung:<\/u><\/p>\n<p>Rechtsanwalt (verliehen in der Bundesrepublik Deutschland)<\/p>\n<p><u>Zulassungsbeh\u00f6rde:<\/u><\/p>\n<p>Die gesetzliche Berufsbezeichnung \u201cRechtsanwalt\u201d wurde vom Justizministerium Baden-W\u00fcrttemberg, Schillerplatz 4, 70173 Stuttgart, Telefon 0711 \/ 279-0 verliehen.<\/p>\n<p><u>Zust\u00e4ndige Rechtsanwaltskammer:<\/u><\/p>\n<p>Rechtsanwaltskammer Freiburg<\/p>\n<p>Gartenstr. 21<\/p>\n<p>79098 Freiburg<\/p>\n<p>Telefon: +49 (0) 761 \/ 32 56 3<\/p>\n<p>Telefax: +49 (0) 761 \/ 28 62 61<\/p>\n<p>Email: info@rak-freiburg.de<\/p>\n<p><u>Zust\u00e4ndige Aufsichtsbeh\u00f6rde:<\/u><\/p>\n<p>Rechtsanwaltskammer Freiburg<\/p>\n<p><u>Berufsrechtliche Regelungen:<\/u><\/p>\n<p>Rechtsanwaltsverg\u00fctungsgesetz (RVG)<\/p>\n<p>Bundesrechtsanwaltsordnung (BRAO) &#8211; Berufsordnung f\u00c3\u00bcr Rechtsanw\u00e4lte<\/p>\n<p>(BORA)Fachanwaltsordnung (FAO)- Berufsregelungen der Rechtsanw\u00e4lte der Europ\u00e4ischen Union (CCBE )<\/p>\n<p>Die Regelungen k\u00f6nnen bei der Bundesrechtsanwaltskammer (www.brak.de) in der Rubrik \u00c2\u201cBerufsrecht\u00c2\u201d auf Deutsch und Englisch eingesehen und abgerufen werden.<\/p>\n<p><u>Haftungsausschluss<\/u><\/p>\n<ol>\n<li>Inhalt des Onlineangebotes<\/li>\n<\/ol>\n<p>Der Autor \u00fcbernimmt keinerlei Gew\u00e4hr f\u00fcr die Aktualit\u00e4t, Korrektheit, Vollst\u00e4ndigkeit oder Qualit\u00e4t der bereitgestellten Informationen. Haftungsanspr\u00fcche gegen den Autor, welche sich auf Sch\u00e4den materieller oder ideeller Art beziehen, die durch die Nutzung oder Nichtnutzung der dargebotenen Informationen bzw. durch die Nutzung fehlerhafter und unvollst\u00e4ndiger Informationen verursacht wurden sind grunds\u00e4tzlich ausgeschlossen, sofern seitens des Autors kein nachweislich vors\u00e4tzliches oder grob fahrl\u00e4ssiges Verschulden vorliegt. Alle Angebote sind freibleibend und unverbindlich. Der Autor beh\u00e4lt es sich ausdr\u00fccklich vor, Teile der Seiten oder das gesamte Angebot ohne gesonderte Ank\u00fcndigung zu ver\u00e4ndern, zu erg\u00e4nzen, zu l\u00f6schen oder die Ver\u00f6ffentlichung zeitweise oder endg\u00fcltig einzustellen.<\/p>\n<ol start=\"2\">\n<li>Verweise und Links<\/li>\n<\/ol>\n<p>Bei direkten oder indirekten Verweisen auf fremde Internetseiten (\u201cLinks\u201d), die au\u00dferhalb des Verantwortungsbereiches des Autors liegen, w\u00fcrde eine Haftungsverpflichtung ausschlie\u00dflich in dem Fall in Kraft treten, in dem der Autor von den Inhalten Kenntnis hat und es ihm technisch m\u00f6glich und zumutbar w\u00e4re, die Nutzung im Falle rechtswidriger Inhalte zu verhindern. Der Autor erkl\u00e4rt daher ausdr\u00fccklich, dass zum Zeitpunkt der Linksetzung die entsprechenden verlinkten Seiten frei von illegalen Inhalten waren. Der Autor hat keinerlei Einfluss auf die aktuelle und zuk\u00fcnftige Gestaltung und auf die Inhalte der gelinkten\/verkn\u00fcpften Seiten. Deshalb distanziert er sich hiermit ausdr\u00fccklich von allen Inhalten aller gelinkten\/verkn\u00fcpften Seiten, die nach der Linksetzung ver\u00e4ndert wurden. Diese Feststellung gilt f\u00fcr alle innerhalb des eigenen Internetangebotes gesetzten Links und Verweise sowie f\u00fcr Fremdeintr\u00e4ge in vom Autor eingerichteten G\u00e4steb\u00fcchern, Diskussionsforen und Mailinglisten. F\u00fcr illegale, fehlerhafte oder unvollst\u00e4ndige Inhalte und insbesondere f\u00fcr Sch\u00e4den, die aus der Nutzung oder Nichtnutzung solcherart dargebotener Informationen entstehen, haftet allein der Anbieter der Seite, auf welche verwiesen wurde, nicht derjenige, der \u00fcber Links auf die jeweilige Ver\u00f6ffentlichung lediglich verweist.<\/p>\n<ol start=\"3\">\n<li>Urheber- und Kennzeichenrecht<\/li>\n<\/ol>\n<p>Der Autor ist bestrebt, in allen Publikationen die Urheberrechte der verwendeten Grafiken, Tondokumente, Videosequenzen und Texte zu beachten, von ihm selbst erstellte Grafiken, Tondokumente, Videosequenzen und Texte zu nutzen oder auf lizenzfreie Grafiken, Tondokumente, Videosequenzen und Texte zur\u00fcckzugreifen. Alle innerhalb des Internetangebotes genannten und ggf. durch Dritte gesch\u00fctzten Marken- und Warenzeichen unterliegen uneingeschr\u00e4nkt den Bestimmungen des jeweils g\u00fcltigen Kennzeichenrechts und den Besitzrechten der jeweiligen eingetragenen Eigent\u00fcmer. Allein aufgrund der blo\u00dfen Nennung ist nicht der Schluss zu ziehen, dass Markenzeichen nicht durch Rechte Dritter gesch\u00fctzt sind. Das Copyright f\u00fcr ver\u00f6ffentlichte, vom Autor selbst erstellte Objekte bleibt allein beim Autor der Seiten. Eine Vervielf\u00e4ltigung oder Verwendung solcher Grafiken, Tondokumente, Videosequenzen und Texte in anderen elektronischen oder gedruckten Publikationen ist ohne ausdr\u00fcckliche Zustimmung des Autors nicht gestattet.<\/p>\n<ol start=\"4\">\n<li>Datenschutz<\/li>\n<\/ol>\n<p>Sofern innerhalb des Internetangebotes die M\u00f6glichkeit zur Eingabe pers\u00f6nlicher oder gesch\u00e4ftlicher Daten (Emailadressen, Namen, Anschriften) besteht, so erfolgt die Preisgabe dieser Daten seitens des Nutzers auf ausdr\u00fccklich freiwilliger Basis. Die Inanspruchnahme und Bezahlung aller angebotenen Dienste ist \u2013 soweit technisch m\u00f6glich und zumutbar \u2013 auch ohne Angabe solcher Daten bzw. unter Angabe anonymisierter Daten oder eines Pseudonyms gestattet.<\/p>\n<ol start=\"5\">\n<li>Rechtswirksamkeit dieses Haftungsausschlusses<\/li>\n<\/ol>\n<p>Dieser Haftungsausschluss ist als Teil des Internetangebotes zu betrachten, von dem aus auf diese Seite verwiesen wurde. Sofern Teile oder einzelne Formulierungen dieses Textes der geltenden Rechtslage nicht, nicht mehr oder nicht vollst\u00e4ndig entsprechen sollten, bleiben die \u00fcbrigen Teile des Dokumentes in ihrem Inhalt und ihrer G\u00fcltigkeit davon unber\u00fchrt.<\/p>\n<p>Schutzrechtverletzung<\/p>\n<p>Sollten rechtliche Gr\u00fcnde gegen eine weitere Nutzung dieser Domain sprechen, bitten wir von einer Abmahnung Abstand zu nehmen und eine direkte Mitteilung hier\u00fcber an uns zu senden. Wir werden dann gegebenenfalls die erforderlichen Schritte einleiten. Bei ungerechtfertigten und betr\u00fcgerischen Abmahnungen werden wir unverz\u00fcglich eine negative Feststellungsklage erheben lassen.<\/p>\n<ol>\n<li><strong> Weitere Angaben nach der Dienstleistungs-Informationspflicht Verordnung (DL-InfoV)<\/strong><\/li>\n<\/ol>\n<p><u>Rechtsform:<\/u><\/p>\n<p>Die Kanzlei ist in der Rechtsform der Einzelkanzlei t\u00e4tig.<\/p>\n<p><u>Haftpflichtversicherung:<\/u><\/p>\n<p>Rechtsanw\u00e4ltinnen und Rechtsanw\u00e4lte sind aufgrund der Bundesrechtsanwaltsordnung (BRAO) verpflichtet, eine Berufshaftpflichtversicherung mit einer Mindestversicherungssumme von 250.000 \u20ac zu unterhalten. Die Einzelheiten ergeben sich aus \u00a7 51 BRAO.<\/p>\n<p>Die Kontaktdaten der Haftpflichtversicherung der Kanzlei lauten:<\/p>\n<p>ERGO Versicherung AG, Victoriaplatz 1 in 40477 D\u00fcsseldorf.<\/p>\n<p><u>Preisangaben:<\/u><\/p>\n<p>Die Abrechnung findet grunds\u00e4tzlich nach dem Rechtsanwaltsverg\u00fctungsgesetz statt (RVG). Soweit abweichend abgerechnet werden soll, werden Geb\u00fchrenvereinbarungen (\u00a7 34 RVG) und Verg\u00fctungsvereinbarungen (\u00a7 3 a ff. RVG) mit dem Mandanten vor \u00dcbernahme des Mandates ausgehandelt und den Textform bzw. schriftlich niedergelegt.<\/p>\n<p><u>Schlichtungsstelle:<\/u><\/p>\n<p>Es wird darauf hingewiesen, dass f\u00fcr Streitigkeiten zwischen der Kanzlei an dem Mandanten zur Vermeidung eines Rechtsstreites die zust\u00e4ndige Rechtsanwaltskammer Freiburg f\u00fcr Schlichtungen eine Schlichtungsstelle unterh\u00e4lt. Alternativ hierzu kann der Ombudsmann bei der Bundesrechtsanwaltskammer in Berlin mit der Bitte um Schlichtung angerufen werden. Voraussetzung f\u00fcr eine Schlichtung ist es, dass der zu Grunde liegende Streitwert nicht mehr als 15.000 \u20ac betr\u00e4gt.<\/p>\n<p>Die Anschrift der alternativen Schlichtungsstelle lautet:<\/p>\n<p>Rechtsanwaltskammer Freiburg<\/p>\n<p>Gartenstr. 21<\/p>\n<p>79098 Freiburg<\/p>\n<p>Ombudsmann Berlin<\/p>\n<p>derzeitige Anschrift:<\/p>\n<p>Bundesrechtsanwaltskammer<\/p>\n<p>Littenstra\u00dfe 9<\/p>\n<p>10179 Berlin<\/p>\n<p>Ist die Schlichtung vor einer der beiden alternativen Schlichtungsstellen beantragt worden, kommt die Anrufung der alternativen Schlichtungsstellen nicht mehr in Betracht.<\/p>\n<h2>Umsetzung<\/h2>\n<p>rombach digitale manufaktur<br \/>\nRosastr. 9<br \/>\nD-79098 Freiburg<br \/>\nDeutschland<\/p>\n<p>Tel.: +49 (0)761 4500 2054<br \/>\nFax: +49 (0)761\/4500-2100<\/p>\n<p><a href=\"mailto:info@rombach.de\">info(at)rombach(dot)de<\/a><\/p>\n<p><a href=\"https:\/\/www.rombach-rdm.de\/\" target=\"_blank\" rel=\"noopener noreferrer\">www.rombach-rdm.de<\/a><\/p>\n","protected":false},"excerpt":{"rendered":"<p>ANGABEN NACH \u00a7 6 TELEMEDIENGESETZ und DL-InfoV Pflichtangaben nach Telemediengesetz Anbieter Rechtsanwalt Lazaros Kirtsidis, LL.M. (Maastricht) USt-IdNr.: DE 814704049 Anschrift und Kontaktdaten: Eisenbahnstrasse 64 79098 Freiburg Telefon:+49 (0) 761 \/ 29 28 07 01 Telefax:+49 (0) 761 \/ 29 28 [&hellip;]<\/p>\n","protected":false},"author":1,"featured_media":0,"parent":0,"menu_order":0,"comment_status":"closed","ping_status":"closed","template":"","meta":[],"yoast_head":"<!-- This site is optimized with the Yoast SEO plugin v20.1 - https:\/\/yoast.com\/wordpress\/plugins\/seo\/ -->\n<title>Impressum - Lazaros Kirtsidis<\/title>\n<meta name=\"robots\" content=\"index, follow, max-snippet:-1, max-image-preview:large, max-video-preview:-1\" \/>\n<link rel=\"canonical\" href=\"https:\/\/www.kirtsidis.de\/index.php\/impressum\/\" \/>\n<meta property=\"og:locale\" content=\"de_DE\" \/>\n<meta property=\"og:type\" content=\"article\" \/>\n<meta property=\"og:title\" content=\"Impressum - Lazaros Kirtsidis\" \/>\n<meta property=\"og:description\" content=\"ANGABEN NACH \u00a7 6 TELEMEDIENGESETZ und DL-InfoV Pflichtangaben nach Telemediengesetz Anbieter Rechtsanwalt Lazaros Kirtsidis, LL.M. (Maastricht) USt-IdNr.: DE 814704049 Anschrift und Kontaktdaten: Eisenbahnstrasse 64 79098 Freiburg Telefon:+49 (0) 761 \/ 29 28 07 01 Telefax:+49 (0) 761 \/ 29 28 [&hellip;]\" \/>\n<meta property=\"og:url\" content=\"https:\/\/www.kirtsidis.de\/index.php\/impressum\/\" \/>\n<meta property=\"og:site_name\" content=\"Lazaros Kirtsidis\" \/>\n<meta property=\"article:modified_time\" content=\"2019-12-04T08:48:20+00:00\" \/>\n<meta name=\"twitter:card\" content=\"summary_large_image\" \/>\n<meta name=\"twitter:label1\" content=\"Gesch\u00e4tzte Lesezeit\" \/>\n\t<meta name=\"twitter:data1\" content=\"5 Minuten\" \/>\n<script type=\"application\/ld+json\" class=\"yoast-schema-graph\">{\"@context\":\"https:\/\/schema.org\",\"@graph\":[{\"@type\":\"WebPage\",\"@id\":\"https:\/\/www.kirtsidis.de\/index.php\/impressum\/\",\"url\":\"https:\/\/www.kirtsidis.de\/index.php\/impressum\/\",\"name\":\"Impressum - Lazaros Kirtsidis\",\"isPartOf\":{\"@id\":\"https:\/\/www.kirtsidis.de\/#website\"},\"datePublished\":\"2019-12-03T15:36:40+00:00\",\"dateModified\":\"2019-12-04T08:48:20+00:00\",\"breadcrumb\":{\"@id\":\"https:\/\/www.kirtsidis.de\/index.php\/impressum\/#breadcrumb\"},\"inLanguage\":\"de-DE\",\"potentialAction\":[{\"@type\":\"ReadAction\",\"target\":[\"https:\/\/www.kirtsidis.de\/index.php\/impressum\/\"]}]},{\"@type\":\"BreadcrumbList\",\"@id\":\"https:\/\/www.kirtsidis.de\/index.php\/impressum\/#breadcrumb\",\"itemListElement\":[{\"@type\":\"ListItem\",\"position\":1,\"name\":\"Startseite\",\"item\":\"https:\/\/www.kirtsidis.de\/\"},{\"@type\":\"ListItem\",\"position\":2,\"name\":\"Impressum\"}]},{\"@type\":\"WebSite\",\"@id\":\"https:\/\/www.kirtsidis.de\/#website\",\"url\":\"https:\/\/www.kirtsidis.de\/\",\"name\":\"Lazaros Kirtsidis\",\"description\":\"Rechtsanwalt\",\"potentialAction\":[{\"@type\":\"SearchAction\",\"target\":{\"@type\":\"EntryPoint\",\"urlTemplate\":\"https:\/\/www.kirtsidis.de\/?s={search_term_string}\"},\"query-input\":\"required name=search_term_string\"}],\"inLanguage\":\"de-DE\"}]}<\/script>\n<!-- \/ Yoast SEO plugin. -->","yoast_head_json":{"title":"Impressum - Lazaros Kirtsidis","robots":{"index":"index","follow":"follow","max-snippet":"max-snippet:-1","max-image-preview":"max-image-preview:large","max-video-preview":"max-video-preview:-1"},"canonical":"https:\/\/www.kirtsidis.de\/index.php\/impressum\/","og_locale":"de_DE","og_type":"article","og_title":"Impressum - Lazaros Kirtsidis","og_description":"ANGABEN NACH \u00a7 6 TELEMEDIENGESETZ und DL-InfoV Pflichtangaben nach Telemediengesetz Anbieter Rechtsanwalt Lazaros Kirtsidis, LL.M. (Maastricht) USt-IdNr.: DE 814704049 Anschrift und Kontaktdaten: Eisenbahnstrasse 64 79098 Freiburg Telefon:+49 (0) 761 \/ 29 28 07 01 Telefax:+49 (0) 761 \/ 29 28 [&hellip;]","og_url":"https:\/\/www.kirtsidis.de\/index.php\/impressum\/","og_site_name":"Lazaros Kirtsidis","article_modified_time":"2019-12-04T08:48:20+00:00","twitter_card":"summary_large_image","twitter_misc":{"Gesch\u00e4tzte Lesezeit":"5 Minuten"},"schema":{"@context":"https:\/\/schema.org","@graph":[{"@type":"WebPage","@id":"https:\/\/www.kirtsidis.de\/index.php\/impressum\/","url":"https:\/\/www.kirtsidis.de\/index.php\/impressum\/","name":"Impressum - Lazaros Kirtsidis","isPartOf":{"@id":"https:\/\/www.kirtsidis.de\/#website"},"datePublished":"2019-12-03T15:36:40+00:00","dateModified":"2019-12-04T08:48:20+00:00","breadcrumb":{"@id":"https:\/\/www.kirtsidis.de\/index.php\/impressum\/#breadcrumb"},"inLanguage":"de-DE","potentialAction":[{"@type":"ReadAction","target":["https:\/\/www.kirtsidis.de\/index.php\/impressum\/"]}]},{"@type":"BreadcrumbList","@id":"https:\/\/www.kirtsidis.de\/index.php\/impressum\/#breadcrumb","itemListElement":[{"@type":"ListItem","position":1,"name":"Startseite","item":"https:\/\/www.kirtsidis.de\/"},{"@type":"ListItem","position":2,"name":"Impressum"}]},{"@type":"WebSite","@id":"https:\/\/www.kirtsidis.de\/#website","url":"https:\/\/www.kirtsidis.de\/","name":"Lazaros Kirtsidis","description":"Rechtsanwalt","potentialAction":[{"@type":"SearchAction","target":{"@type":"EntryPoint","urlTemplate":"https:\/\/www.kirtsidis.de\/?s={search_term_string}"},"query-input":"required name=search_term_string"}],"inLanguage":"de-DE"}]}},"_links":{"self":[{"href":"https:\/\/www.kirtsidis.de\/index.php\/wp-json\/wp\/v2\/pages\/495"}],"collection":[{"href":"https:\/\/www.kirtsidis.de\/index.php\/wp-json\/wp\/v2\/pages"}],"about":[{"href":"https:\/\/www.kirtsidis.de\/index.php\/wp-json\/wp\/v2\/types\/page"}],"author":[{"embeddable":true,"href":"https:\/\/www.kirtsidis.de\/index.php\/wp-json\/wp\/v2\/users\/1"}],"replies":[{"embeddable":true,"href":"https:\/\/www.kirtsidis.de\/index.php\/wp-json\/wp\/v2\/comments?post=495"}],"version-history":[{"count":5,"href":"https:\/\/www.kirtsidis.de\/index.php\/wp-json\/wp\/v2\/pages\/495\/revisions"}],"predecessor-version":[{"id":537,"href":"https:\/\/www.kirtsidis.de\/index.php\/wp-json\/wp\/v2\/pages\/495\/revisions\/537"}],"wp:attachment":[{"href":"https:\/\/www.kirtsidis.de\/index.php\/wp-json\/wp\/v2\/media?parent=495"}],"curies":[{"name":"wp","href":"https:\/\/api.w.org\/{rel}","templated":true}]}}